{"id":7271,"date":"2025-11-15T11:59:36","date_gmt":"2025-11-15T09:59:36","guid":{"rendered":"https:\/\/olahok.pl\/?post_type=product&#038;p=7271"},"modified":"2026-04-10T10:05:37","modified_gmt":"2026-04-10T08:05:37","slug":"pierscionek-soul-icons-z-czarnym-onyksem-w-oprawie","status":"publish","type":"product","link":"https:\/\/olahok.pl\/en\/produkt\/pierscionek-soul-icons-z-czarnym-onyksem-w-oprawie\/","title":{"rendered":"Pier\u015bcionek SOUL ICONS z czarnym onyksem w oprawie"},"content":{"rendered":"","protected":false},"excerpt":{"rendered":"<p>&nbsp;<\/p>\n<p><span style=\"text-decoration: underline;\"><span style=\"font-weight: 400;\">Szczeg\u00f3\u0142y produktu:<\/span><\/span><\/p>\n<p><span style=\"font-weight: 400;\">Materia\u0142: srebro 925<\/span><span style=\"font-weight: 400;\"><br \/>\n<\/span><span style=\"font-weight: 400;\">Wyko\u0144czenie: z\u0142ocenie 18K<\/span><span style=\"font-weight: 400;\"><br \/>\n<\/span><span style=\"font-weight: 400;\">Kamie\u0144: onyks<\/span><span style=\"font-weight: 400;\"><br \/>\n<\/span><span style=\"font-weight: 400;\">Rozmiar: uniwersalny<\/span><span style=\"font-weight: 400;\"><br \/>\n<\/span><span style=\"font-weight: 400;\">Wielko\u015b\u0107 kamienia: 12 mm<\/span><\/p>\n","protected":false},"featured_media":7274,"template":"","meta":{"_acf_changed":false,"inline_featured_image":false,"footnotes":""},"product_brand":[],"product_cat":[19],"product_tag":[],"class_list":{"0":"post-7271","1":"product","2":"type-product","3":"status-publish","4":"has-post-thumbnail","6":"product_cat-pierscionki","8":"first","9":"instock","10":"sale","11":"shipping-taxable","12":"purchasable","13":"product-type-simple"},"acf":[],"yoast_head":"<!-- This site is optimized with the Yoast SEO Premium plugin v23.4 (Yoast SEO v27.4) - https:\/\/yoast.com\/product\/yoast-seo-premium-wordpress\/ -->\n<title>Pier\u015bcionek SOUL ICONS z czarnym onyksem w oprawie - Ola Hok<\/title>\n<meta name=\"robots\" content=\"index, follow, max-snippet:-1, max-image-preview:large, max-video-preview:-1\" \/>\n<link rel=\"canonical\" href=\"https:\/\/olahok.pl\/en\/produkt\/pierscionek-soul-icons-z-czarnym-onyksem-w-oprawie\/\" \/>\n<meta property=\"og:locale\" content=\"en_US\" \/>\n<meta property=\"og:type\" content=\"article\" \/>\n<meta property=\"og:title\" content=\"Pier\u015bcionek SOUL ICONS z czarnym onyksem w oprawie\" \/>\n<meta property=\"og:description\" content=\"&nbsp;  Szczeg\u00f3\u0142y produktu:  Materia\u0142: srebro 925 Wyko\u0144czenie: z\u0142ocenie 18K Kamie\u0144: onyks Rozmiar: uniwersalny Wielko\u015b\u0107 kamienia: 12 mm\" \/>\n<meta property=\"og:url\" content=\"https:\/\/olahok.pl\/en\/produkt\/pierscionek-soul-icons-z-czarnym-onyksem-w-oprawie\/\" \/>\n<meta property=\"og:site_name\" content=\"Ola Hok\" \/>\n<meta property=\"article:modified_time\" content=\"2026-04-10T08:05:37+00:00\" \/>\n<meta property=\"og:image\" content=\"https:\/\/olahok.pl\/wp-content\/uploads\/2025\/11\/377A4228-scaled.jpg\" \/>\n\t<meta property=\"og:image:width\" content=\"1829\" \/>\n\t<meta property=\"og:image:height\" content=\"2560\" \/>\n\t<meta property=\"og:image:type\" content=\"image\/jpeg\" \/>\n<meta name=\"twitter:card\" content=\"summary_large_image\" \/>\n<meta name=\"twitter:label1\" content=\"Est. reading time\" \/>\n\t<meta name=\"twitter:data1\" content=\"1 minute\" \/>\n<script type=\"application\/ld+json\" class=\"yoast-schema-graph\">{\"@context\":\"https:\\\/\\\/schema.org\",\"@graph\":[{\"@type\":\"WebPage\",\"@id\":\"https:\\\/\\\/olahok.pl\\\/en\\\/produkt\\\/pierscionek-soul-icons-z-czarnym-onyksem-w-oprawie\\\/\",\"url\":\"https:\\\/\\\/olahok.pl\\\/en\\\/produkt\\\/pierscionek-soul-icons-z-czarnym-onyksem-w-oprawie\\\/\",\"name\":\"Pier\u015bcionek SOUL ICONS z czarnym onyksem w oprawie - Ola Hok\",\"isPartOf\":{\"@id\":\"https:\\\/\\\/olahok.pl\\\/en\\\/#website\"},\"primaryImageOfPage\":{\"@id\":\"https:\\\/\\\/olahok.pl\\\/en\\\/produkt\\\/pierscionek-soul-icons-z-czarnym-onyksem-w-oprawie\\\/#primaryimage\"},\"image\":{\"@id\":\"https:\\\/\\\/olahok.pl\\\/en\\\/produkt\\\/pierscionek-soul-icons-z-czarnym-onyksem-w-oprawie\\\/#primaryimage\"},\"thumbnailUrl\":\"https:\\\/\\\/olahok.pl\\\/wp-content\\\/uploads\\\/2025\\\/11\\\/377A4228-scaled.jpg\",\"datePublished\":\"2025-11-15T09:59:36+00:00\",\"dateModified\":\"2026-04-10T08:05:37+00:00\",\"breadcrumb\":{\"@id\":\"https:\\\/\\\/olahok.pl\\\/en\\\/produkt\\\/pierscionek-soul-icons-z-czarnym-onyksem-w-oprawie\\\/#breadcrumb\"},\"inLanguage\":\"en-US\",\"potentialAction\":[{\"@type\":\"ReadAction\",\"target\":[\"https:\\\/\\\/olahok.pl\\\/en\\\/produkt\\\/pierscionek-soul-icons-z-czarnym-onyksem-w-oprawie\\\/\"]}]},{\"@type\":\"ImageObject\",\"inLanguage\":\"en-US\",\"@id\":\"https:\\\/\\\/olahok.pl\\\/en\\\/produkt\\\/pierscionek-soul-icons-z-czarnym-onyksem-w-oprawie\\\/#primaryimage\",\"url\":\"https:\\\/\\\/olahok.pl\\\/wp-content\\\/uploads\\\/2025\\\/11\\\/377A4228-scaled.jpg\",\"contentUrl\":\"https:\\\/\\\/olahok.pl\\\/wp-content\\\/uploads\\\/2025\\\/11\\\/377A4228-scaled.jpg\",\"width\":1829,\"height\":2560},{\"@type\":\"BreadcrumbList\",\"@id\":\"https:\\\/\\\/olahok.pl\\\/en\\\/produkt\\\/pierscionek-soul-icons-z-czarnym-onyksem-w-oprawie\\\/#breadcrumb\",\"itemListElement\":[{\"@type\":\"ListItem\",\"position\":1,\"name\":\"Strona g\u0142\u00f3wna\",\"item\":\"https:\\\/\\\/olahok.pl\\\/en\\\/\"},{\"@type\":\"ListItem\",\"position\":2,\"name\":\"Products\",\"item\":\"https:\\\/\\\/olahok.pl\\\/en\\\/shop\\\/\"},{\"@type\":\"ListItem\",\"position\":3,\"name\":\"Pier\u015bcionek SOUL ICONS z czarnym onyksem w oprawie\"}]},{\"@type\":\"WebSite\",\"@id\":\"https:\\\/\\\/olahok.pl\\\/en\\\/#website\",\"url\":\"https:\\\/\\\/olahok.pl\\\/en\\\/\",\"name\":\"Ola Hok\",\"description\":\"Craft Jewelry\",\"potentialAction\":[{\"@type\":\"SearchAction\",\"target\":{\"@type\":\"EntryPoint\",\"urlTemplate\":\"https:\\\/\\\/olahok.pl\\\/en\\\/?s={search_term_string}\"},\"query-input\":{\"@type\":\"PropertyValueSpecification\",\"valueRequired\":true,\"valueName\":\"search_term_string\"}}],\"inLanguage\":\"en-US\"}]}<\/script>\n<!-- \/ Yoast SEO Premium plugin. -->","yoast_head_json":{"title":"Pier\u015bcionek SOUL ICONS z czarnym onyksem w oprawie - Ola Hok","robots":{"index":"index","follow":"follow","max-snippet":"max-snippet:-1","max-image-preview":"max-image-preview:large","max-video-preview":"max-video-preview:-1"},"canonical":"https:\/\/olahok.pl\/en\/produkt\/pierscionek-soul-icons-z-czarnym-onyksem-w-oprawie\/","og_locale":"en_US","og_type":"article","og_title":"Pier\u015bcionek SOUL ICONS z czarnym onyksem w oprawie","og_description":"&nbsp;  Szczeg\u00f3\u0142y produktu:  Materia\u0142: srebro 925 Wyko\u0144czenie: z\u0142ocenie 18K Kamie\u0144: onyks Rozmiar: uniwersalny Wielko\u015b\u0107 kamienia: 12 mm","og_url":"https:\/\/olahok.pl\/en\/produkt\/pierscionek-soul-icons-z-czarnym-onyksem-w-oprawie\/","og_site_name":"Ola Hok","article_modified_time":"2026-04-10T08:05:37+00:00","og_image":[{"width":1829,"height":2560,"url":"https:\/\/olahok.pl\/wp-content\/uploads\/2025\/11\/377A4228-scaled.jpg","type":"image\/jpeg"}],"twitter_card":"summary_large_image","twitter_misc":{"Est. reading time":"1 minute"},"schema":{"@context":"https:\/\/schema.org","@graph":[{"@type":"WebPage","@id":"https:\/\/olahok.pl\/en\/produkt\/pierscionek-soul-icons-z-czarnym-onyksem-w-oprawie\/","url":"https:\/\/olahok.pl\/en\/produkt\/pierscionek-soul-icons-z-czarnym-onyksem-w-oprawie\/","name":"Pier\u015bcionek SOUL ICONS z czarnym onyksem w oprawie - Ola Hok","isPartOf":{"@id":"https:\/\/olahok.pl\/en\/#website"},"primaryImageOfPage":{"@id":"https:\/\/olahok.pl\/en\/produkt\/pierscionek-soul-icons-z-czarnym-onyksem-w-oprawie\/#primaryimage"},"image":{"@id":"https:\/\/olahok.pl\/en\/produkt\/pierscionek-soul-icons-z-czarnym-onyksem-w-oprawie\/#primaryimage"},"thumbnailUrl":"https:\/\/olahok.pl\/wp-content\/uploads\/2025\/11\/377A4228-scaled.jpg","datePublished":"2025-11-15T09:59:36+00:00","dateModified":"2026-04-10T08:05:37+00:00","breadcrumb":{"@id":"https:\/\/olahok.pl\/en\/produkt\/pierscionek-soul-icons-z-czarnym-onyksem-w-oprawie\/#breadcrumb"},"inLanguage":"en-US","potentialAction":[{"@type":"ReadAction","target":["https:\/\/olahok.pl\/en\/produkt\/pierscionek-soul-icons-z-czarnym-onyksem-w-oprawie\/"]}]},{"@type":"ImageObject","inLanguage":"en-US","@id":"https:\/\/olahok.pl\/en\/produkt\/pierscionek-soul-icons-z-czarnym-onyksem-w-oprawie\/#primaryimage","url":"https:\/\/olahok.pl\/wp-content\/uploads\/2025\/11\/377A4228-scaled.jpg","contentUrl":"https:\/\/olahok.pl\/wp-content\/uploads\/2025\/11\/377A4228-scaled.jpg","width":1829,"height":2560},{"@type":"BreadcrumbList","@id":"https:\/\/olahok.pl\/en\/produkt\/pierscionek-soul-icons-z-czarnym-onyksem-w-oprawie\/#breadcrumb","itemListElement":[{"@type":"ListItem","position":1,"name":"Strona g\u0142\u00f3wna","item":"https:\/\/olahok.pl\/en\/"},{"@type":"ListItem","position":2,"name":"Products","item":"https:\/\/olahok.pl\/en\/shop\/"},{"@type":"ListItem","position":3,"name":"Pier\u015bcionek SOUL ICONS z czarnym onyksem w oprawie"}]},{"@type":"WebSite","@id":"https:\/\/olahok.pl\/en\/#website","url":"https:\/\/olahok.pl\/en\/","name":"Ola Hok","description":"Craft Jewelry","potentialAction":[{"@type":"SearchAction","target":{"@type":"EntryPoint","urlTemplate":"https:\/\/olahok.pl\/en\/?s={search_term_string}"},"query-input":{"@type":"PropertyValueSpecification","valueRequired":true,"valueName":"search_term_string"}}],"inLanguage":"en-US"}]}},"_links":{"self":[{"href":"https:\/\/olahok.pl\/en\/wp-json\/wp\/v2\/product\/7271","targetHints":{"allow":["GET"]}}],"collection":[{"href":"https:\/\/olahok.pl\/en\/wp-json\/wp\/v2\/product"}],"about":[{"href":"https:\/\/olahok.pl\/en\/wp-json\/wp\/v2\/types\/product"}],"version-history":[{"count":3,"href":"https:\/\/olahok.pl\/en\/wp-json\/wp\/v2\/product\/7271\/revisions"}],"predecessor-version":[{"id":8176,"href":"https:\/\/olahok.pl\/en\/wp-json\/wp\/v2\/product\/7271\/revisions\/8176"}],"wp:featuredmedia":[{"embeddable":true,"href":"https:\/\/olahok.pl\/en\/wp-json\/wp\/v2\/media\/7274"}],"wp:attachment":[{"href":"https:\/\/olahok.pl\/en\/wp-json\/wp\/v2\/media?parent=7271"}],"wp:term":[{"taxonomy":"product_brand","embeddable":true,"href":"https:\/\/olahok.pl\/en\/wp-json\/wp\/v2\/product_brand?post=7271"},{"taxonomy":"product_cat","embeddable":true,"href":"https:\/\/olahok.pl\/en\/wp-json\/wp\/v2\/product_cat?post=7271"},{"taxonomy":"product_tag","embeddable":true,"href":"https:\/\/olahok.pl\/en\/wp-json\/wp\/v2\/product_tag?post=7271"}],"curies":[{"name":"wp","href":"https:\/\/api.w.org\/{rel}","templated":true}]}}