{"id":5568,"date":"2025-08-12T15:52:27","date_gmt":"2025-08-12T13:52:27","guid":{"rendered":"https:\/\/olahok.pl\/?post_type=product&#038;p=5568"},"modified":"2026-04-23T00:06:23","modified_gmt":"2026-04-22T22:06:23","slug":"bransoletka-urban-loop","status":"publish","type":"product","link":"https:\/\/olahok.pl\/en\/produkt\/bransoletka-urban-loop\/","title":{"rendered":"URBAN LOOP &#8211; wybierz swoje kolory!"},"content":{"rendered":"","protected":false},"excerpt":{"rendered":"<p>Dobierz kolor, kt\u00f3ry najlepiej pasuje do Ciebie\u2026 albo zaszalej i stw\u00f3rz w\u0142asn\u0105 wersj\u0119 kolorystyczn\u0105!\u00a0 Ta bransoletka to po\u0142\u0105czenie mi\u0119kkiego, przyjemnego w noszeniu rzemienia z ozdobnym zapi\u0119ciem, zawieszk\u0105 lub kamieniem szlachetnym, kt\u00f3ry doda jej wyj\u0105tkowego charakteru. No\u015b solo, zestawiaj w pary, miksuj kolory \u2013 tu nie ma zasad, jest tylko Twoja wyobra\u017ania i styl!<\/p>\n<p><span style=\"text-decoration: underline;\"><span style=\"font-weight: 400;\">Szczeg\u00f3\u0142y produktu:<\/span><\/span><\/p>\n<p><span style=\"font-weight: 400;\">Materia\u0142: srebro 925<\/span><span style=\"font-weight: 400;\"><br \/>\n<\/span><span style=\"font-weight: 400;\">Wyko\u0144czenie: z\u0142ocenie 18K<\/span><span style=\"font-weight: 400;\"><br \/>\n<\/span><span style=\"font-weight: 400;\">Kamienie: agat, akwamaryn, ametyst, apatyt, cyjanit, chalcedon, dumotieryt, fosfosyderyt, jadeit, opal peruwia\u0144ski<\/span><span style=\"font-weight: 400;\"><br \/>\n<\/span><span style=\"font-weight: 400;\">D\u0142ugo\u015b\u0107 z zapi\u0119ciem: personalizowana<\/span><\/p>\n<p>*Prosimy o podanie wzoru kolorystycznego oraz rozmiaru w uwagach do zam\u00f3wienia. Mo\u017cesz te\u017c stworzy\u0107 w\u0142asn\u0105 wersj\u0119 kolorystyczn\u0105, pisz\u0105c do nas w zak\u0142adce PERSONALIZACJA.<\/p>\n","protected":false},"featured_media":5575,"template":"","meta":{"_acf_changed":false,"inline_featured_image":false,"footnotes":""},"product_brand":[],"product_cat":[28],"product_tag":[],"class_list":{"0":"post-5568","1":"product","2":"type-product","3":"status-publish","4":"has-post-thumbnail","6":"product_cat-bransoletki","8":"first","9":"instock","10":"shipping-taxable","11":"purchasable","12":"product-type-simple"},"acf":[],"yoast_head":"<!-- This site is optimized with the Yoast SEO Premium plugin v23.4 (Yoast SEO v27.4) - https:\/\/yoast.com\/product\/yoast-seo-premium-wordpress\/ -->\n<title>URBAN LOOP - wybierz swoje kolory! - Ola Hok<\/title>\n<meta name=\"robots\" content=\"index, follow, max-snippet:-1, max-image-preview:large, max-video-preview:-1\" \/>\n<link rel=\"canonical\" href=\"https:\/\/olahok.pl\/en\/produkt\/bransoletka-urban-loop\/\" \/>\n<meta property=\"og:locale\" content=\"en_US\" \/>\n<meta property=\"og:type\" content=\"article\" \/>\n<meta property=\"og:title\" content=\"URBAN LOOP - wybierz swoje kolory!\" \/>\n<meta property=\"og:description\" content=\"Dobierz kolor, kt\u00f3ry najlepiej pasuje do Ciebie\u2026 albo zaszalej i stw\u00f3rz w\u0142asn\u0105 wersj\u0119 kolorystyczn\u0105!\u00a0 Ta bransoletka to po\u0142\u0105czenie mi\u0119kkiego, przyjemnego w noszeniu rzemienia z ozdobnym zapi\u0119ciem, zawieszk\u0105 lub kamieniem szlachetnym, kt\u00f3ry doda jej wyj\u0105tkowego charakteru. No\u015b solo, zestawiaj w pary, miksuj kolory \u2013 tu nie ma zasad, jest tylko Twoja wyobra\u017ania i styl!  Szczeg\u00f3\u0142y produktu:  Materia\u0142: srebro 925 Wyko\u0144czenie: z\u0142ocenie 18K Kamienie: agat, akwamaryn, ametyst, apatyt, cyjanit, chalcedon, dumotieryt, fosfosyderyt, jadeit, opal peruwia\u0144ski D\u0142ugo\u015b\u0107 z zapi\u0119ciem: personalizowana  *Prosimy o podanie wzoru kolorystycznego oraz rozmiaru w uwagach do zam\u00f3wienia. Mo\u017cesz te\u017c stworzy\u0107 w\u0142asn\u0105 wersj\u0119 kolorystyczn\u0105, pisz\u0105c do nas w zak\u0142adce PERSONALIZACJA.\" \/>\n<meta property=\"og:url\" content=\"https:\/\/olahok.pl\/en\/produkt\/bransoletka-urban-loop\/\" \/>\n<meta property=\"og:site_name\" content=\"Ola Hok\" \/>\n<meta property=\"article:modified_time\" content=\"2026-04-22T22:06:23+00:00\" \/>\n<meta property=\"og:image\" content=\"https:\/\/olahok.pl\/wp-content\/uploads\/2025\/08\/377A3907-scaled.jpg\" \/>\n\t<meta property=\"og:image:width\" content=\"1829\" \/>\n\t<meta property=\"og:image:height\" content=\"2560\" \/>\n\t<meta property=\"og:image:type\" content=\"image\/jpeg\" \/>\n<meta name=\"twitter:card\" content=\"summary_large_image\" \/>\n<meta name=\"twitter:label1\" content=\"Est. reading time\" \/>\n\t<meta name=\"twitter:data1\" content=\"1 minute\" \/>\n<script type=\"application\/ld+json\" class=\"yoast-schema-graph\">{\"@context\":\"https:\\\/\\\/schema.org\",\"@graph\":[{\"@type\":\"WebPage\",\"@id\":\"https:\\\/\\\/olahok.pl\\\/en\\\/produkt\\\/bransoletka-urban-loop\\\/\",\"url\":\"https:\\\/\\\/olahok.pl\\\/en\\\/produkt\\\/bransoletka-urban-loop\\\/\",\"name\":\"URBAN LOOP - wybierz swoje kolory! - Ola Hok\",\"isPartOf\":{\"@id\":\"https:\\\/\\\/olahok.pl\\\/en\\\/#website\"},\"primaryImageOfPage\":{\"@id\":\"https:\\\/\\\/olahok.pl\\\/en\\\/produkt\\\/bransoletka-urban-loop\\\/#primaryimage\"},\"image\":{\"@id\":\"https:\\\/\\\/olahok.pl\\\/en\\\/produkt\\\/bransoletka-urban-loop\\\/#primaryimage\"},\"thumbnailUrl\":\"https:\\\/\\\/olahok.pl\\\/wp-content\\\/uploads\\\/2025\\\/08\\\/377A3907-scaled.jpg\",\"datePublished\":\"2025-08-12T13:52:27+00:00\",\"dateModified\":\"2026-04-22T22:06:23+00:00\",\"breadcrumb\":{\"@id\":\"https:\\\/\\\/olahok.pl\\\/en\\\/produkt\\\/bransoletka-urban-loop\\\/#breadcrumb\"},\"inLanguage\":\"en-US\",\"potentialAction\":[{\"@type\":\"ReadAction\",\"target\":[\"https:\\\/\\\/olahok.pl\\\/en\\\/produkt\\\/bransoletka-urban-loop\\\/\"]}]},{\"@type\":\"ImageObject\",\"inLanguage\":\"en-US\",\"@id\":\"https:\\\/\\\/olahok.pl\\\/en\\\/produkt\\\/bransoletka-urban-loop\\\/#primaryimage\",\"url\":\"https:\\\/\\\/olahok.pl\\\/wp-content\\\/uploads\\\/2025\\\/08\\\/377A3907-scaled.jpg\",\"contentUrl\":\"https:\\\/\\\/olahok.pl\\\/wp-content\\\/uploads\\\/2025\\\/08\\\/377A3907-scaled.jpg\",\"width\":1829,\"height\":2560},{\"@type\":\"BreadcrumbList\",\"@id\":\"https:\\\/\\\/olahok.pl\\\/en\\\/produkt\\\/bransoletka-urban-loop\\\/#breadcrumb\",\"itemListElement\":[{\"@type\":\"ListItem\",\"position\":1,\"name\":\"Strona g\u0142\u00f3wna\",\"item\":\"https:\\\/\\\/olahok.pl\\\/en\\\/\"},{\"@type\":\"ListItem\",\"position\":2,\"name\":\"Products\",\"item\":\"https:\\\/\\\/olahok.pl\\\/en\\\/shop\\\/\"},{\"@type\":\"ListItem\",\"position\":3,\"name\":\"URBAN LOOP &#8211; wybierz swoje kolory!\"}]},{\"@type\":\"WebSite\",\"@id\":\"https:\\\/\\\/olahok.pl\\\/en\\\/#website\",\"url\":\"https:\\\/\\\/olahok.pl\\\/en\\\/\",\"name\":\"Ola Hok\",\"description\":\"Craft Jewelry\",\"potentialAction\":[{\"@type\":\"SearchAction\",\"target\":{\"@type\":\"EntryPoint\",\"urlTemplate\":\"https:\\\/\\\/olahok.pl\\\/en\\\/?s={search_term_string}\"},\"query-input\":{\"@type\":\"PropertyValueSpecification\",\"valueRequired\":true,\"valueName\":\"search_term_string\"}}],\"inLanguage\":\"en-US\"}]}<\/script>\n<!-- \/ Yoast SEO Premium plugin. -->","yoast_head_json":{"title":"URBAN LOOP - wybierz swoje kolory! - Ola Hok","robots":{"index":"index","follow":"follow","max-snippet":"max-snippet:-1","max-image-preview":"max-image-preview:large","max-video-preview":"max-video-preview:-1"},"canonical":"https:\/\/olahok.pl\/en\/produkt\/bransoletka-urban-loop\/","og_locale":"en_US","og_type":"article","og_title":"URBAN LOOP - wybierz swoje kolory!","og_description":"Dobierz kolor, kt\u00f3ry najlepiej pasuje do Ciebie\u2026 albo zaszalej i stw\u00f3rz w\u0142asn\u0105 wersj\u0119 kolorystyczn\u0105!\u00a0 Ta bransoletka to po\u0142\u0105czenie mi\u0119kkiego, przyjemnego w noszeniu rzemienia z ozdobnym zapi\u0119ciem, zawieszk\u0105 lub kamieniem szlachetnym, kt\u00f3ry doda jej wyj\u0105tkowego charakteru. No\u015b solo, zestawiaj w pary, miksuj kolory \u2013 tu nie ma zasad, jest tylko Twoja wyobra\u017ania i styl!  Szczeg\u00f3\u0142y produktu:  Materia\u0142: srebro 925 Wyko\u0144czenie: z\u0142ocenie 18K Kamienie: agat, akwamaryn, ametyst, apatyt, cyjanit, chalcedon, dumotieryt, fosfosyderyt, jadeit, opal peruwia\u0144ski D\u0142ugo\u015b\u0107 z zapi\u0119ciem: personalizowana  *Prosimy o podanie wzoru kolorystycznego oraz rozmiaru w uwagach do zam\u00f3wienia. Mo\u017cesz te\u017c stworzy\u0107 w\u0142asn\u0105 wersj\u0119 kolorystyczn\u0105, pisz\u0105c do nas w zak\u0142adce PERSONALIZACJA.","og_url":"https:\/\/olahok.pl\/en\/produkt\/bransoletka-urban-loop\/","og_site_name":"Ola Hok","article_modified_time":"2026-04-22T22:06:23+00:00","og_image":[{"width":1829,"height":2560,"url":"https:\/\/olahok.pl\/wp-content\/uploads\/2025\/08\/377A3907-scaled.jpg","type":"image\/jpeg"}],"twitter_card":"summary_large_image","twitter_misc":{"Est. reading time":"1 minute"},"schema":{"@context":"https:\/\/schema.org","@graph":[{"@type":"WebPage","@id":"https:\/\/olahok.pl\/en\/produkt\/bransoletka-urban-loop\/","url":"https:\/\/olahok.pl\/en\/produkt\/bransoletka-urban-loop\/","name":"URBAN LOOP - wybierz swoje kolory! - Ola Hok","isPartOf":{"@id":"https:\/\/olahok.pl\/en\/#website"},"primaryImageOfPage":{"@id":"https:\/\/olahok.pl\/en\/produkt\/bransoletka-urban-loop\/#primaryimage"},"image":{"@id":"https:\/\/olahok.pl\/en\/produkt\/bransoletka-urban-loop\/#primaryimage"},"thumbnailUrl":"https:\/\/olahok.pl\/wp-content\/uploads\/2025\/08\/377A3907-scaled.jpg","datePublished":"2025-08-12T13:52:27+00:00","dateModified":"2026-04-22T22:06:23+00:00","breadcrumb":{"@id":"https:\/\/olahok.pl\/en\/produkt\/bransoletka-urban-loop\/#breadcrumb"},"inLanguage":"en-US","potentialAction":[{"@type":"ReadAction","target":["https:\/\/olahok.pl\/en\/produkt\/bransoletka-urban-loop\/"]}]},{"@type":"ImageObject","inLanguage":"en-US","@id":"https:\/\/olahok.pl\/en\/produkt\/bransoletka-urban-loop\/#primaryimage","url":"https:\/\/olahok.pl\/wp-content\/uploads\/2025\/08\/377A3907-scaled.jpg","contentUrl":"https:\/\/olahok.pl\/wp-content\/uploads\/2025\/08\/377A3907-scaled.jpg","width":1829,"height":2560},{"@type":"BreadcrumbList","@id":"https:\/\/olahok.pl\/en\/produkt\/bransoletka-urban-loop\/#breadcrumb","itemListElement":[{"@type":"ListItem","position":1,"name":"Strona g\u0142\u00f3wna","item":"https:\/\/olahok.pl\/en\/"},{"@type":"ListItem","position":2,"name":"Products","item":"https:\/\/olahok.pl\/en\/shop\/"},{"@type":"ListItem","position":3,"name":"URBAN LOOP &#8211; wybierz swoje kolory!"}]},{"@type":"WebSite","@id":"https:\/\/olahok.pl\/en\/#website","url":"https:\/\/olahok.pl\/en\/","name":"Ola Hok","description":"Craft Jewelry","potentialAction":[{"@type":"SearchAction","target":{"@type":"EntryPoint","urlTemplate":"https:\/\/olahok.pl\/en\/?s={search_term_string}"},"query-input":{"@type":"PropertyValueSpecification","valueRequired":true,"valueName":"search_term_string"}}],"inLanguage":"en-US"}]}},"_links":{"self":[{"href":"https:\/\/olahok.pl\/en\/wp-json\/wp\/v2\/product\/5568","targetHints":{"allow":["GET"]}}],"collection":[{"href":"https:\/\/olahok.pl\/en\/wp-json\/wp\/v2\/product"}],"about":[{"href":"https:\/\/olahok.pl\/en\/wp-json\/wp\/v2\/types\/product"}],"version-history":[{"count":9,"href":"https:\/\/olahok.pl\/en\/wp-json\/wp\/v2\/product\/5568\/revisions"}],"predecessor-version":[{"id":8147,"href":"https:\/\/olahok.pl\/en\/wp-json\/wp\/v2\/product\/5568\/revisions\/8147"}],"wp:featuredmedia":[{"embeddable":true,"href":"https:\/\/olahok.pl\/en\/wp-json\/wp\/v2\/media\/5575"}],"wp:attachment":[{"href":"https:\/\/olahok.pl\/en\/wp-json\/wp\/v2\/media?parent=5568"}],"wp:term":[{"taxonomy":"product_brand","embeddable":true,"href":"https:\/\/olahok.pl\/en\/wp-json\/wp\/v2\/product_brand?post=5568"},{"taxonomy":"product_cat","embeddable":true,"href":"https:\/\/olahok.pl\/en\/wp-json\/wp\/v2\/product_cat?post=5568"},{"taxonomy":"product_tag","embeddable":true,"href":"https:\/\/olahok.pl\/en\/wp-json\/wp\/v2\/product_tag?post=5568"}],"curies":[{"name":"wp","href":"https:\/\/api.w.org\/{rel}","templated":true}]}}