{"id":2776,"date":"2024-09-06T11:28:14","date_gmt":"2024-09-06T11:28:14","guid":{"rendered":"https:\/\/olahok.pl\/?post_type=product&#038;p=2776"},"modified":"2026-04-23T11:56:23","modified_gmt":"2026-04-23T09:56:23","slug":"naszyjnik-soft-sol","status":"publish","type":"product","link":"https:\/\/olahok.pl\/en\/produkt\/naszyjnik-soft-sol\/","title":{"rendered":"Naszyjnik SOFT SOL"},"content":{"rendered":"","protected":false},"excerpt":{"rendered":"<p data-start=\"184\" data-end=\"588\">Subtelny blask i ciep\u0142o \u015bwiat\u0142a zamkni\u0119te w lekkiej formie \u2014 Soft Sol to naszyjnik, kt\u00f3ry \u0142\u0105czy spok\u00f3j fioletu z energi\u0105 z\u0142ota. Pleciona ni\u0107 tworzy mi\u0119kk\u0105 struktur\u0119 pe\u0142n\u0105 \u015bwietlistych refleks\u00f3w, a a\u017curowe s\u0142o\u0144ce symbolizuje wewn\u0119trzne \u015bwiat\u0142o, kt\u00f3re zawsze \u015bwieci w rytmie Twojego dnia. To bi\u017cuteria, kt\u00f3ra dodaje blasku codzienno\u015bci \u2014 delikatna, harmonijna i pe\u0142na dobrej energii.<\/p>\n<p style=\"font-weight: 400;\"><u>Szczeg\u00f3\u0142y produktu:<\/u><\/p>\n<p>Materia\u0142: srebro 925<br \/>\nWyko\u0144czenie: z\u0142ocenie 18K<br \/>\nD\u0142ugo\u015b\u0107 na zdj\u0119ciach: ~ 50 cm<br \/>\nZako\u0144czenie: nylonowe chwosty<\/p>\n","protected":false},"featured_media":2783,"template":"","meta":{"_acf_changed":false,"inline_featured_image":false,"footnotes":""},"product_brand":[],"product_cat":[27],"product_tag":[],"class_list":{"0":"post-2776","1":"product","2":"type-product","3":"status-publish","4":"has-post-thumbnail","6":"product_cat-naszyjniki","8":"first","9":"instock","10":"shipping-taxable","11":"purchasable","12":"product-type-simple"},"acf":[],"yoast_head":"<!-- This site is optimized with the Yoast SEO Premium plugin v23.4 (Yoast SEO v27.4) - https:\/\/yoast.com\/product\/yoast-seo-premium-wordpress\/ -->\n<title>Naszyjnik SOFT SOL - Ola Hok<\/title>\n<meta name=\"robots\" content=\"index, follow, max-snippet:-1, max-image-preview:large, max-video-preview:-1\" \/>\n<link rel=\"canonical\" href=\"https:\/\/olahok.pl\/en\/produkt\/naszyjnik-soft-sol\/\" \/>\n<meta property=\"og:locale\" content=\"en_US\" \/>\n<meta property=\"og:type\" content=\"article\" \/>\n<meta property=\"og:title\" content=\"Naszyjnik SOFT SOL\" \/>\n<meta property=\"og:description\" content=\"Subtelny blask i ciep\u0142o \u015bwiat\u0142a zamkni\u0119te w lekkiej formie \u2014 Soft Sol to naszyjnik, kt\u00f3ry \u0142\u0105czy spok\u00f3j fioletu z energi\u0105 z\u0142ota. Pleciona ni\u0107 tworzy mi\u0119kk\u0105 struktur\u0119 pe\u0142n\u0105 \u015bwietlistych refleks\u00f3w, a a\u017curowe s\u0142o\u0144ce symbolizuje wewn\u0119trzne \u015bwiat\u0142o, kt\u00f3re zawsze \u015bwieci w rytmie Twojego dnia. To bi\u017cuteria, kt\u00f3ra dodaje blasku codzienno\u015bci \u2014 delikatna, harmonijna i pe\u0142na dobrej energii. Szczeg\u00f3\u0142y produktu: Materia\u0142: srebro 925 Wyko\u0144czenie: z\u0142ocenie 18K D\u0142ugo\u015b\u0107 na zdj\u0119ciach: ~ 50 cm Zako\u0144czenie: nylonowe chwosty\" \/>\n<meta property=\"og:url\" content=\"https:\/\/olahok.pl\/en\/produkt\/naszyjnik-soft-sol\/\" \/>\n<meta property=\"og:site_name\" content=\"Ola Hok\" \/>\n<meta property=\"article:modified_time\" content=\"2026-04-23T09:56:23+00:00\" \/>\n<meta property=\"og:image\" content=\"https:\/\/olahok.pl\/wp-content\/uploads\/2024\/09\/IMG_7531-scaled.jpg\" \/>\n\t<meta property=\"og:image:width\" content=\"1707\" \/>\n\t<meta property=\"og:image:height\" content=\"2560\" \/>\n\t<meta property=\"og:image:type\" content=\"image\/jpeg\" \/>\n<meta name=\"twitter:card\" content=\"summary_large_image\" \/>\n<meta name=\"twitter:label1\" content=\"Est. reading time\" \/>\n\t<meta name=\"twitter:data1\" content=\"1 minute\" \/>\n<script type=\"application\/ld+json\" class=\"yoast-schema-graph\">{\"@context\":\"https:\\\/\\\/schema.org\",\"@graph\":[{\"@type\":\"WebPage\",\"@id\":\"https:\\\/\\\/olahok.pl\\\/en\\\/produkt\\\/naszyjnik-soft-sol\\\/\",\"url\":\"https:\\\/\\\/olahok.pl\\\/en\\\/produkt\\\/naszyjnik-soft-sol\\\/\",\"name\":\"Naszyjnik SOFT SOL - Ola Hok\",\"isPartOf\":{\"@id\":\"https:\\\/\\\/olahok.pl\\\/en\\\/#website\"},\"primaryImageOfPage\":{\"@id\":\"https:\\\/\\\/olahok.pl\\\/en\\\/produkt\\\/naszyjnik-soft-sol\\\/#primaryimage\"},\"image\":{\"@id\":\"https:\\\/\\\/olahok.pl\\\/en\\\/produkt\\\/naszyjnik-soft-sol\\\/#primaryimage\"},\"thumbnailUrl\":\"https:\\\/\\\/olahok.pl\\\/wp-content\\\/uploads\\\/2024\\\/09\\\/IMG_7531-scaled.jpg\",\"datePublished\":\"2024-09-06T11:28:14+00:00\",\"dateModified\":\"2026-04-23T09:56:23+00:00\",\"breadcrumb\":{\"@id\":\"https:\\\/\\\/olahok.pl\\\/en\\\/produkt\\\/naszyjnik-soft-sol\\\/#breadcrumb\"},\"inLanguage\":\"en-US\",\"potentialAction\":[{\"@type\":\"ReadAction\",\"target\":[\"https:\\\/\\\/olahok.pl\\\/en\\\/produkt\\\/naszyjnik-soft-sol\\\/\"]}]},{\"@type\":\"ImageObject\",\"inLanguage\":\"en-US\",\"@id\":\"https:\\\/\\\/olahok.pl\\\/en\\\/produkt\\\/naszyjnik-soft-sol\\\/#primaryimage\",\"url\":\"https:\\\/\\\/olahok.pl\\\/wp-content\\\/uploads\\\/2024\\\/09\\\/IMG_7531-scaled.jpg\",\"contentUrl\":\"https:\\\/\\\/olahok.pl\\\/wp-content\\\/uploads\\\/2024\\\/09\\\/IMG_7531-scaled.jpg\",\"width\":1707,\"height\":2560},{\"@type\":\"BreadcrumbList\",\"@id\":\"https:\\\/\\\/olahok.pl\\\/en\\\/produkt\\\/naszyjnik-soft-sol\\\/#breadcrumb\",\"itemListElement\":[{\"@type\":\"ListItem\",\"position\":1,\"name\":\"Strona g\u0142\u00f3wna\",\"item\":\"https:\\\/\\\/olahok.pl\\\/en\\\/\"},{\"@type\":\"ListItem\",\"position\":2,\"name\":\"Products\",\"item\":\"https:\\\/\\\/olahok.pl\\\/en\\\/shop\\\/\"},{\"@type\":\"ListItem\",\"position\":3,\"name\":\"Naszyjnik SOFT SOL\"}]},{\"@type\":\"WebSite\",\"@id\":\"https:\\\/\\\/olahok.pl\\\/en\\\/#website\",\"url\":\"https:\\\/\\\/olahok.pl\\\/en\\\/\",\"name\":\"Ola Hok\",\"description\":\"Craft Jewelry\",\"potentialAction\":[{\"@type\":\"SearchAction\",\"target\":{\"@type\":\"EntryPoint\",\"urlTemplate\":\"https:\\\/\\\/olahok.pl\\\/en\\\/?s={search_term_string}\"},\"query-input\":{\"@type\":\"PropertyValueSpecification\",\"valueRequired\":true,\"valueName\":\"search_term_string\"}}],\"inLanguage\":\"en-US\"}]}<\/script>\n<!-- \/ Yoast SEO Premium plugin. -->","yoast_head_json":{"title":"Naszyjnik SOFT SOL - Ola Hok","robots":{"index":"index","follow":"follow","max-snippet":"max-snippet:-1","max-image-preview":"max-image-preview:large","max-video-preview":"max-video-preview:-1"},"canonical":"https:\/\/olahok.pl\/en\/produkt\/naszyjnik-soft-sol\/","og_locale":"en_US","og_type":"article","og_title":"Naszyjnik SOFT SOL","og_description":"Subtelny blask i ciep\u0142o \u015bwiat\u0142a zamkni\u0119te w lekkiej formie \u2014 Soft Sol to naszyjnik, kt\u00f3ry \u0142\u0105czy spok\u00f3j fioletu z energi\u0105 z\u0142ota. Pleciona ni\u0107 tworzy mi\u0119kk\u0105 struktur\u0119 pe\u0142n\u0105 \u015bwietlistych refleks\u00f3w, a a\u017curowe s\u0142o\u0144ce symbolizuje wewn\u0119trzne \u015bwiat\u0142o, kt\u00f3re zawsze \u015bwieci w rytmie Twojego dnia. To bi\u017cuteria, kt\u00f3ra dodaje blasku codzienno\u015bci \u2014 delikatna, harmonijna i pe\u0142na dobrej energii. Szczeg\u00f3\u0142y produktu: Materia\u0142: srebro 925 Wyko\u0144czenie: z\u0142ocenie 18K D\u0142ugo\u015b\u0107 na zdj\u0119ciach: ~ 50 cm Zako\u0144czenie: nylonowe chwosty","og_url":"https:\/\/olahok.pl\/en\/produkt\/naszyjnik-soft-sol\/","og_site_name":"Ola Hok","article_modified_time":"2026-04-23T09:56:23+00:00","og_image":[{"width":1707,"height":2560,"url":"https:\/\/olahok.pl\/wp-content\/uploads\/2024\/09\/IMG_7531-scaled.jpg","type":"image\/jpeg"}],"twitter_card":"summary_large_image","twitter_misc":{"Est. reading time":"1 minute"},"schema":{"@context":"https:\/\/schema.org","@graph":[{"@type":"WebPage","@id":"https:\/\/olahok.pl\/en\/produkt\/naszyjnik-soft-sol\/","url":"https:\/\/olahok.pl\/en\/produkt\/naszyjnik-soft-sol\/","name":"Naszyjnik SOFT SOL - Ola Hok","isPartOf":{"@id":"https:\/\/olahok.pl\/en\/#website"},"primaryImageOfPage":{"@id":"https:\/\/olahok.pl\/en\/produkt\/naszyjnik-soft-sol\/#primaryimage"},"image":{"@id":"https:\/\/olahok.pl\/en\/produkt\/naszyjnik-soft-sol\/#primaryimage"},"thumbnailUrl":"https:\/\/olahok.pl\/wp-content\/uploads\/2024\/09\/IMG_7531-scaled.jpg","datePublished":"2024-09-06T11:28:14+00:00","dateModified":"2026-04-23T09:56:23+00:00","breadcrumb":{"@id":"https:\/\/olahok.pl\/en\/produkt\/naszyjnik-soft-sol\/#breadcrumb"},"inLanguage":"en-US","potentialAction":[{"@type":"ReadAction","target":["https:\/\/olahok.pl\/en\/produkt\/naszyjnik-soft-sol\/"]}]},{"@type":"ImageObject","inLanguage":"en-US","@id":"https:\/\/olahok.pl\/en\/produkt\/naszyjnik-soft-sol\/#primaryimage","url":"https:\/\/olahok.pl\/wp-content\/uploads\/2024\/09\/IMG_7531-scaled.jpg","contentUrl":"https:\/\/olahok.pl\/wp-content\/uploads\/2024\/09\/IMG_7531-scaled.jpg","width":1707,"height":2560},{"@type":"BreadcrumbList","@id":"https:\/\/olahok.pl\/en\/produkt\/naszyjnik-soft-sol\/#breadcrumb","itemListElement":[{"@type":"ListItem","position":1,"name":"Strona g\u0142\u00f3wna","item":"https:\/\/olahok.pl\/en\/"},{"@type":"ListItem","position":2,"name":"Products","item":"https:\/\/olahok.pl\/en\/shop\/"},{"@type":"ListItem","position":3,"name":"Naszyjnik SOFT SOL"}]},{"@type":"WebSite","@id":"https:\/\/olahok.pl\/en\/#website","url":"https:\/\/olahok.pl\/en\/","name":"Ola Hok","description":"Craft Jewelry","potentialAction":[{"@type":"SearchAction","target":{"@type":"EntryPoint","urlTemplate":"https:\/\/olahok.pl\/en\/?s={search_term_string}"},"query-input":{"@type":"PropertyValueSpecification","valueRequired":true,"valueName":"search_term_string"}}],"inLanguage":"en-US"}]}},"_links":{"self":[{"href":"https:\/\/olahok.pl\/en\/wp-json\/wp\/v2\/product\/2776","targetHints":{"allow":["GET"]}}],"collection":[{"href":"https:\/\/olahok.pl\/en\/wp-json\/wp\/v2\/product"}],"about":[{"href":"https:\/\/olahok.pl\/en\/wp-json\/wp\/v2\/types\/product"}],"version-history":[{"count":7,"href":"https:\/\/olahok.pl\/en\/wp-json\/wp\/v2\/product\/2776\/revisions"}],"predecessor-version":[{"id":7554,"href":"https:\/\/olahok.pl\/en\/wp-json\/wp\/v2\/product\/2776\/revisions\/7554"}],"wp:featuredmedia":[{"embeddable":true,"href":"https:\/\/olahok.pl\/en\/wp-json\/wp\/v2\/media\/2783"}],"wp:attachment":[{"href":"https:\/\/olahok.pl\/en\/wp-json\/wp\/v2\/media?parent=2776"}],"wp:term":[{"taxonomy":"product_brand","embeddable":true,"href":"https:\/\/olahok.pl\/en\/wp-json\/wp\/v2\/product_brand?post=2776"},{"taxonomy":"product_cat","embeddable":true,"href":"https:\/\/olahok.pl\/en\/wp-json\/wp\/v2\/product_cat?post=2776"},{"taxonomy":"product_tag","embeddable":true,"href":"https:\/\/olahok.pl\/en\/wp-json\/wp\/v2\/product_tag?post=2776"}],"curies":[{"name":"wp","href":"https:\/\/api.w.org\/{rel}","templated":true}]}}