{"id":4145,"date":"2023-08-25T15:37:03","date_gmt":"2023-08-25T15:37:03","guid":{"rendered":"https:\/\/olahok.pl\/polityka-prywatnosci\/"},"modified":"2025-01-31T13:26:56","modified_gmt":"2025-01-31T13:26:56","slug":"privacy-policy","status":"publish","type":"page","link":"https:\/\/olahok.pl\/en\/privacy-policy\/","title":{"rendered":"PRIVACY POLICY"},"content":{"rendered":"\n<div class=\"wp-block-columns is-layout-flex wp-container-core-columns-is-layout-9d6595d7 wp-block-columns-is-layout-flex\">\n<div class=\"wp-block-column is-layout-flow wp-block-column-is-layout-flow\">\n<h1 class=\"wp-block-heading has-text-align-center\" id=\"h-privacy-policy\">PRIVACY POLICY<\/h1>\n\n\n\n<p class=\"has-text-align-center\"><strong>\u00a7 1<\/strong><br><strong>GENERAL PROVISIONS<\/strong><\/p>\n\n\n\n<ol class=\"wp-block-list\">\n<li>The Data Controller for the processing of data collected through the olahok.pl online Shop is OH JEWELRY SP\u00d3\u0141KA Z OGRANICZON\u0104 ODPOWIEDZIALNO\u015aCI\u0104 entered into the Register of Entrepreneurs by the District Court in Koszalin, 9th COMMERCIAL DEPARTMENT OF THE NATIONAL COURT REGISTER under KRS number: 0001136291, place of business and address for service: ul. Ba\u0142tycka 6B\/18, 78-100 Ko\u0142obrzeg, NIP: 6711864152, REGON: 540095560, e-mail address: sklep@olahok.pl, telephone number: +48 693 995\u00a0949, hereinafter referred to as \u201cData Controller\u201d or Service Provider.<\/li>\n\n\n\n<li>Personal data collected by the Data Controller via the website are processed in accordance with the Regulation (EU) 2016\/679 of the European Parliament and of the Council of 27 April 2016 on the protection of natural persons with regard to the processing of personal data and on the free movement of such data, and repealing Directive 95\/46\/WE (General Data Protection Regulation), hereinafter referred to as the <strong>GDPR.<\/strong><\/li>\n\n\n\n<li>Capitalised terms used in this Privacy Policy shall have the meaning set forth in the \u201cDefinitions\u201d section of the olahok.pl Terms and Conditions.<\/li>\n<\/ol>\n\n\n\n<p class=\"has-text-align-center\"><strong>\u00a7 2<\/strong><br><strong>TYPE OF PERSONAL DATA PROCESSED, PURPOSE AND SCOPE OF DATA COLLECTION<\/strong><\/p>\n\n\n\n<ol class=\"wp-block-list\">\n<li><strong>PURPOSE AND LEGAL BASIS OF PROCESSING. <\/strong>The Data Controller shall process a User\u2019s personal data in the following circumstances:\n<ol class=\"wp-block-list\">\n<li>Account registration with olahok.pl, for the purpose of creation and management of an individual User Account, as set forth in Article 6 (1) (b) of the GDPR (performance of the electronic services agreement in accordance with the Terms and Conditions for olahok.pl).<\/li>\n\n\n\n<li>Order placement with olahok.pl, for the purpose of performance of the Sales Agreement as prescribed under Article 6 (1) (b) of the GDPR (performance of the Sales Agreement),<\/li>\n\n\n\n<li>Newsletter subscription, for the purpose of sending electronic marketing communications. The data are processed only after a prior express consent is obtained from the User, in accordance with Article 6 (1) (a) of the GDPR.<\/li>\n<\/ol>\n<\/li>\n\n\n\n<li><strong>TYPE OF THE PERSONALL DATA PROCESSED.<\/strong> The User provides, in the case of:\n<ol class=\"wp-block-list\">\n<li><strong>Accounts<\/strong>: e-mail address<\/li>\n\n\n\n<li><strong>Orders<\/strong>: name and surname, address, tax identification number, e-mail address, telephone number,<\/li>\n\n\n\n<li><strong>Newsletter<\/strong>: name and surname, e-mail address.<\/li>\n<\/ol>\n<\/li>\n\n\n\n<li><strong>PERSONAL DATA STORAGE PERIOD. <\/strong>Personal data submitted by Users are retained by the Data Controller for the following retention periods:\n<ol class=\"wp-block-list\">\n<li>If the lawful basis is agreement performance: personal data are stored for as long as necessary for the performance of an agreement, and thereafter until the expiry of any statutory period of prescription or limitation. Unless a specific regulation provides otherwise the limitation period is six years, whereas for claims concerning periodical performances and claims connected with conducting business activity \u2013 three years.<\/li>\n\n\n\n<li>If the lawful basis is consent: personal data are stored until withdrawal of consent, and thereafter until the expiry of any statutory period of prescription or limitation for claims that may be raised by the Data Controller or that may be brought against the Data Controller. Unless a specific regulation provides otherwise the limitation period is six years, whereas for claims concerning periodical performances and claims connected with conducting business activity \u2013 three years.<\/li>\n<\/ol>\n<\/li>\n\n\n\n<li>The Data Controller may collect additional User information, including, in particular: a User\u2019s computer IP address, the IP address of the internet provider, domain name, browser type, duration of a visit, operating system.<\/li>\n\n\n\n<li>If the Data Subject has given a separate consent to such processing (Article 6 (1) (a) GDPR) their personal data may be processed for the purpose of sending electronic marketing messages or for direct marketing via telephone \u2013 in accordance with Article 10 section 2 of the Act on the Provision of Electronic Services of 18 July 2002 or Article 172, section 1 of the Telecommunications Law Act of 16 July 2004, including profiled marketing communications if the Data Subject has consented to receive such communications.<\/li>\n\n\n\n<li>Navigation Users may also collect navigation data, including information about links and links in which they decide to click or other activities undertaken in the Shop. The legal basis for this type of activity is the Data Controller\u2019s legitimate interest (Article 6 (1) (f) of the GDPR), consisting in facilitating the use of electronic services and improving the functionality of these services.<\/li>\n\n\n\n<li>Submitting personal data to olahok.pl is voluntary.<\/li>\n\n\n\n<li>The Data Controller shall take all reasonable steps to protect the interests of data subjects and ensure that all data is:\n<ol class=\"wp-block-list\">\n<li>lawfully processed,<\/li>\n\n\n\n<li>obtained only for specified, lawful purposes, and not further processed in any manner incompatible with those purposes,<\/li>\n\n\n\n<li>factually correct, adequate and relevant in relation to the purposes for which it is processed; stored in a form that permits identification of the data subject, for no longer than is necessary for those purposes.<\/li>\n<\/ol>\n<\/li>\n<\/ol>\n\n\n\n<p class=\"has-text-align-center\"><strong>\u00a7 3<\/strong><br><strong>THIRD PARTY ACCESS TO PERSONAL INFORMATION<\/strong><\/p>\n\n\n\n<ol class=\"wp-block-list\">\n<li>The personal data of the Customers are provided to service providers used by the Data Controller when running the Shop, in particular to:\n<ol class=\"wp-block-list\">\n<li>wholesalers and entities delivering Products,<\/li>\n\n\n\n<li>payment system providers,<\/li>\n\n\n\n<li>accounting office,<\/li>\n\n\n\n<li>hosting providers,<\/li>\n\n\n\n<li>software providers that enable business operations,<\/li>\n\n\n\n<li>entities providing the mailing system,<\/li>\n\n\n\n<li>software provider needed to run an online store.<\/li>\n<\/ol>\n<\/li>\n\n\n\n<li>The service providers referred to in point 1 of this paragraph to which personal data are transferred, depending on contractual arrangements and circumstances, or are subject to the Data Controller\u2019s instructions as to the purposes and methods of processing this data (processors) or independently define the purposes and methods their processing (administrators).<\/li>\n\n\n\n<li>Personal data of the Users are stored only in the European Economic Area (EEA), subject to \u00a7 5 point 5 and \u00a7 6 of the Privacy Policy.<\/li>\n<\/ol>\n\n\n\n<p class=\"has-text-align-center\"><strong>\u00a7 4<\/strong><br><strong>RIGHT OF CONTROLL, ACCESS AND RECTIFICATION<\/strong><\/p>\n\n\n\n<ol class=\"wp-block-list\">\n<li>Every User has a right to access and\/or rectify his personal data as well as the right to erasure, the right to restrict processing, the right to data portability, the right to object to processing and the right to withdraw consent at any time without affecting the lawfulness of processing based on consent before its withdrawal.<\/li>\n\n\n\n<li>Legal basis for data subjects\u2019 rights:\n<ol class=\"wp-block-list\">\n<li><strong>Access to personal data<\/strong> \u2013 Article 15 of the GDPR<\/li>\n\n\n\n<li><strong>Rectification of personal data<\/strong> \u2013 Article 16 of the GDPR,<\/li>\n\n\n\n<li><strong>Erasure of personal data (right to be forgotten)<\/strong> &#8211; Article 17 of the GDPR,<\/li>\n\n\n\n<li><strong>Restriction of data processing<\/strong> \u2013 Article 18 of the GDPR,<\/li>\n\n\n\n<li><strong>Data portability<\/strong> \u2013 Article 20 of the GDPR,<\/li>\n\n\n\n<li><strong>Objection to processing<\/strong> \u2013 Article 21 of the GDPR,<\/li>\n\n\n\n<li><strong>Withdrawal of consent to processing<\/strong> \u2013 Article 7 (3) of the GDPR.<\/li>\n<\/ol>\n<\/li>\n\n\n\n<li>The User may exercise his rights under point 2 by sending an email message to: <strong>reklamacje@olahok.pl<\/strong><\/li>\n\n\n\n<li>If any request is received in relation to a data subject\u2019s rights, the Data Controller must comply with or refuse to act on a User\u2019s request without delay but not later than within a month of receiving the request. However, if a request is complex or if the Data Controller receives more requests, the Data Controller may extend the time to respond by a further two months. If this is the case the Data Controller shall inform the User within one month of receiving their request and explain why the extension is necessary.<\/li>\n\n\n\n<li>If the data subject considers that, in connection with personal data relating to him or her, there is an infringement of the GDPR, the data subject may make a complaint to the President of the Personal Data Protection Office.<\/li>\n<\/ol>\n\n\n\n<p class=\"has-text-align-center\"><strong>\u00a7 5<\/strong><br><strong>COOKIE POLICY<\/strong><\/p>\n\n\n\n<ol class=\"wp-block-list\">\n<li>Olahok.pl uses cookies.<\/li>\n\n\n\n<li>Cookies are essential for the provision of electronic services via the Shop. Cookies, contain information that is necessary for the proper functioning of the Shop and for the statistical analysis of website traffic.<\/li>\n\n\n\n<li>The website uses two types of cookies: \u201csession\u201d cookies and \u201cpersistent\u201d cookies.\n<ol class=\"wp-block-list\">\n<li>\u201cSession\u201d cookies are temporary files which are stored on the User\u2019s end-device until they log out (leave the website).<\/li>\n\n\n\n<li>\u201cPersistent\u201d cookies remain stored on the User\u2019s device until deleted manually or automatically after a set period of time.<\/li>\n<\/ol>\n<\/li>\n\n\n\n<li>The Data Controller uses their own cookies to provide information on how individual Users interact with the Website. These files collect information about how Users use the website, what type of website referred the User to olahok.pl, the frequency of visits and the time of each visit. This information does not register the Users\u2019 personal data and is used solely for statistical analysis of website traffic.<\/li>\n\n\n\n<li>The Data Controller uses third party cookies for the purpose of collecting general and anonymous static data by means of Google Analytics, a web analysis tool (Data controller for third party cookies: Google Inc. based in USA).<\/li>\n\n\n\n<li>Cookies may also be used by advertising networks, in particular the Google network, in order to display advertisements tailored to the manner in which the Customer uses the Shop. For this purpose, they may keep information about the User\u2019s navigation path or the time spent on a given page.<\/li>\n\n\n\n<li>The User has the right to decide on the access of &#8220;cookies&#8221; to his computer by:\n<ol class=\"wp-block-list\">\n<li>wyb\u00f3r rodzaj\u00f3w plik\u00f3w cookies, na gromadzenie kt\u00f3rych wyra\u017ca zgod\u0119 tu\u017c po wej\u015bciu na stron\u0119 Sklepu i pojawieniu si\u0119 komunikatu dotycz\u0105cego cookies,<\/li>\n\n\n\n<li>zmian\u0119 ustawie\u0144 w oknie swojej przegl\u0105darki. &nbsp;Szczeg\u00f3\u0142owe informacje o mo\u017cliwo\u015bci i sposobach obs\u0142ugi plik\u00f3w \u201e<em>cookies<\/em>\u201d dost\u0119pne s\u0105 r\u00f3wnie\u017c w ustawieniach oprogramowania (przegl\u0105darki internetowej).<\/li>\n<\/ol>\n<\/li>\n<\/ol>\n\n\n\n<p class=\"has-text-align-center\"><strong>\u00a7 6<\/strong><br><strong>ADDITIONAL SERVICES RELATED TO THE USER&#8217;S ACTIVITY IN THE SHOP<\/strong><\/p>\n\n\n\n<ol class=\"wp-block-list\">\n<li>The Shop uses so-called social plugins (&#8220;plugins&#8221;) of social networking sites. By displaying the website olahok.pl containing such a plug-in, the User\u2019s browser will establish a direct connection with the servers Facebook, Instagram, Pinterest, Google and YouTube.<\/li>\n\n\n\n<li>The content of the plug-in is forwarded by the given service provider directly to the User\u2019s browser and integrated with the website. Thanks to this integration, service providers receive information that the User\u2019s browser has displayed the website olahok.pl, even if the User does not have a profile with the given service provider or is not currently logged in to him. Such information (together with the User\u2019s IP address) is sent by the browser directly to the server of the given service provider (some servers are located in the USA) and stored there.<\/li>\n\n\n\n<li>If the User logs in to one of the above social networking sites, the service provider will be able to directly assign the visit to olahok.pl to the User\u2019s profile on the given social networking site.<\/li>\n\n\n\n<li>If the User uses a given plug-in, e.g. by clicking on the &#8220;Like&#8221; button or the &#8220;Share&#8221; button, the relevant information will also be sent directly to the server of the given service provider and stored there.<\/li>\n\n\n\n<li>The purpose and scope of data collection and their further processing and use by service providers, as well as the possibility of contact and the User\u2019s rights in this regard and the possibility of making settings that ensure the protection of the User\u2019s privacy are described in the privacy policy of service providers:\n<ol class=\"wp-block-list\">\n<li><a href=\"https:\/\/www.facebook.com\/policy.php\"><em><u>https:\/\/www.facebook.com\/policy.php<\/u><\/em><\/a><\/li>\n\n\n\n<li><a href=\"https:\/\/help.instagram.com\/519522125107875?helpref=page_content\"><em><u>https:\/\/help.instagram.com\/519522125107875?helpref=page_content<\/u><\/em><\/a><\/li>\n\n\n\n<li><a href=\"https:\/\/policy.pinterest.com\/pl\/privacy-policy\"><em><u>https:\/\/policy.pinterest.com\/pl\/privacy-policy<\/u><\/em><\/a><\/li>\n\n\n\n<li><a href=\"https:\/\/www.youtube.com\/intl\/ALL_pl\/howyoutubeworks\/user-settings\/privacy\/\"><u>https:\/\/www.youtube.com\/intl\/ALL_pl\/howyoutubeworks\/user-settings\/privacy\/<\/u><\/a><\/li>\n\n\n\n<li><a href=\"https:\/\/policies.google.com\/privacy?hl=pl&amp;gl=ZZ\"><em><u>https:\/\/policies.google.com\/privacy?hl=pl&amp;gl=ZZ<\/u><\/em><\/a><em>.<\/em><\/li>\n<\/ol>\n<\/li>\n\n\n\n<li>If the User does not want social networking services to assign data collected during visits to olahok.pl directly to his profile on a given website, he must log out of this website before visiting olahok.pl. The User may also completely prevent the plugins from loading on the page by using the appropriate browser extensions, e.g. blocking scripts using &#8220;NoScript&#8221;.<\/li>\n\n\n\n<li>The Data Controller uses remarketing tools on his website, i.e. Google Ads, this involves the use of Google LLC cookies for the Google Ads service. As part of the mechanism for managing cookie settings, the User has the option to decide whether the Service Provider will be able to use Google Ads (external cookie administrator: Google Inc. based in the USA) in relation to him.<\/li>\n<\/ol>\n\n\n\n<p class=\"has-text-align-center\"><strong>\u00a7 7<\/strong><br><strong>FINAL PROVISIONS<\/strong><\/p>\n\n\n\n<ol class=\"wp-block-list\">\n<li>The Data Controller shall implement all necessary technical and organisational security measures to safeguard the data during processing ensuring a level of security appropriate to the nature of the data to be protected and, in particular, protect the data against unauthorised access, takeover, processing in violation of law, alteration, loss, damage or destruction.<\/li>\n\n\n\n<li>The Service Provider shall take appropriate technical measures to safeguard the electronic personal data against unauthorised interception or modification.<\/li>\n\n\n\n<li>In cases not provided for in this Privacy Policy the relevant provisions of the GDPR shall apply as well as applicable provisions of Polish law.<\/li>\n<\/ol>\n<\/div>\n<\/div>\n","protected":false},"excerpt":{"rendered":"<p>PRIVACY POLICY \u00a7 1GENERAL PROVISIONS \u00a7 2TYPE OF PERSONAL DATA PROCESSED, PURPOSE AND SCOPE OF DATA COLLECTION \u00a7 3THIRD PARTY ACCESS TO PERSONAL INFORMATION \u00a7 4RIGHT OF CONTROLL, ACCESS AND [&hellip;]<\/p>\n","protected":false},"author":1,"featured_media":0,"parent":0,"menu_order":25,"comment_status":"closed","ping_status":"closed","template":"","meta":{"_acf_changed":false,"inline_featured_image":false,"footnotes":""},"class_list":["post-4145","page","type-page","status-publish","hentry"],"acf":[],"yoast_head":"<!-- This site is optimized with the Yoast SEO Premium plugin v23.4 (Yoast SEO v27.3) - https:\/\/yoast.com\/product\/yoast-seo-premium-wordpress\/ -->\n<title>PRIVACY POLICY - Ola Hok<\/title>\n<meta name=\"robots\" content=\"index, follow, max-snippet:-1, max-image-preview:large, max-video-preview:-1\" \/>\n<link rel=\"canonical\" href=\"https:\/\/olahok.pl\/en\/privacy-policy\/\" \/>\n<meta property=\"og:locale\" content=\"en_US\" \/>\n<meta property=\"og:type\" content=\"article\" \/>\n<meta property=\"og:title\" content=\"PRIVACY POLICY\" \/>\n<meta property=\"og:description\" content=\"PRIVACY POLICY \u00a7 1GENERAL PROVISIONS \u00a7 2TYPE OF PERSONAL DATA PROCESSED, PURPOSE AND SCOPE OF DATA COLLECTION \u00a7 3THIRD PARTY ACCESS TO PERSONAL INFORMATION \u00a7 4RIGHT OF CONTROLL, ACCESS AND [&hellip;]\" \/>\n<meta property=\"og:url\" content=\"https:\/\/olahok.pl\/en\/privacy-policy\/\" \/>\n<meta property=\"og:site_name\" content=\"Ola Hok\" \/>\n<meta property=\"article:modified_time\" content=\"2025-01-31T13:26:56+00:00\" \/>\n<meta name=\"twitter:card\" content=\"summary_large_image\" \/>\n<meta name=\"twitter:label1\" content=\"Est. reading time\" \/>\n\t<meta name=\"twitter:data1\" content=\"12 minutes\" \/>\n<script type=\"application\/ld+json\" class=\"yoast-schema-graph\">{\"@context\":\"https:\\\/\\\/schema.org\",\"@graph\":[{\"@type\":\"WebPage\",\"@id\":\"https:\\\/\\\/olahok.pl\\\/en\\\/privacy-policy\\\/\",\"url\":\"https:\\\/\\\/olahok.pl\\\/en\\\/privacy-policy\\\/\",\"name\":\"PRIVACY POLICY - Ola Hok\",\"isPartOf\":{\"@id\":\"https:\\\/\\\/olahok.pl\\\/en\\\/#website\"},\"datePublished\":\"2023-08-25T15:37:03+00:00\",\"dateModified\":\"2025-01-31T13:26:56+00:00\",\"breadcrumb\":{\"@id\":\"https:\\\/\\\/olahok.pl\\\/en\\\/privacy-policy\\\/#breadcrumb\"},\"inLanguage\":\"en-US\",\"potentialAction\":[{\"@type\":\"ReadAction\",\"target\":[\"https:\\\/\\\/olahok.pl\\\/en\\\/privacy-policy\\\/\"]}]},{\"@type\":\"BreadcrumbList\",\"@id\":\"https:\\\/\\\/olahok.pl\\\/en\\\/privacy-policy\\\/#breadcrumb\",\"itemListElement\":[{\"@type\":\"ListItem\",\"position\":1,\"name\":\"Strona g\u0142\u00f3wna\",\"item\":\"https:\\\/\\\/olahok.pl\\\/en\\\/\"},{\"@type\":\"ListItem\",\"position\":2,\"name\":\"PRIVACY POLICY\"}]},{\"@type\":\"WebSite\",\"@id\":\"https:\\\/\\\/olahok.pl\\\/en\\\/#website\",\"url\":\"https:\\\/\\\/olahok.pl\\\/en\\\/\",\"name\":\"Ola Hok\",\"description\":\"Craft Jewelry\",\"potentialAction\":[{\"@type\":\"SearchAction\",\"target\":{\"@type\":\"EntryPoint\",\"urlTemplate\":\"https:\\\/\\\/olahok.pl\\\/en\\\/?s={search_term_string}\"},\"query-input\":{\"@type\":\"PropertyValueSpecification\",\"valueRequired\":true,\"valueName\":\"search_term_string\"}}],\"inLanguage\":\"en-US\"}]}<\/script>\n<!-- \/ Yoast SEO Premium plugin. -->","yoast_head_json":{"title":"PRIVACY POLICY - Ola Hok","robots":{"index":"index","follow":"follow","max-snippet":"max-snippet:-1","max-image-preview":"max-image-preview:large","max-video-preview":"max-video-preview:-1"},"canonical":"https:\/\/olahok.pl\/en\/privacy-policy\/","og_locale":"en_US","og_type":"article","og_title":"PRIVACY POLICY","og_description":"PRIVACY POLICY \u00a7 1GENERAL PROVISIONS \u00a7 2TYPE OF PERSONAL DATA PROCESSED, PURPOSE AND SCOPE OF DATA COLLECTION \u00a7 3THIRD PARTY ACCESS TO PERSONAL INFORMATION \u00a7 4RIGHT OF CONTROLL, ACCESS AND [&hellip;]","og_url":"https:\/\/olahok.pl\/en\/privacy-policy\/","og_site_name":"Ola Hok","article_modified_time":"2025-01-31T13:26:56+00:00","twitter_card":"summary_large_image","twitter_misc":{"Est. reading time":"12 minutes"},"schema":{"@context":"https:\/\/schema.org","@graph":[{"@type":"WebPage","@id":"https:\/\/olahok.pl\/en\/privacy-policy\/","url":"https:\/\/olahok.pl\/en\/privacy-policy\/","name":"PRIVACY POLICY - Ola Hok","isPartOf":{"@id":"https:\/\/olahok.pl\/en\/#website"},"datePublished":"2023-08-25T15:37:03+00:00","dateModified":"2025-01-31T13:26:56+00:00","breadcrumb":{"@id":"https:\/\/olahok.pl\/en\/privacy-policy\/#breadcrumb"},"inLanguage":"en-US","potentialAction":[{"@type":"ReadAction","target":["https:\/\/olahok.pl\/en\/privacy-policy\/"]}]},{"@type":"BreadcrumbList","@id":"https:\/\/olahok.pl\/en\/privacy-policy\/#breadcrumb","itemListElement":[{"@type":"ListItem","position":1,"name":"Strona g\u0142\u00f3wna","item":"https:\/\/olahok.pl\/en\/"},{"@type":"ListItem","position":2,"name":"PRIVACY POLICY"}]},{"@type":"WebSite","@id":"https:\/\/olahok.pl\/en\/#website","url":"https:\/\/olahok.pl\/en\/","name":"Ola Hok","description":"Craft Jewelry","potentialAction":[{"@type":"SearchAction","target":{"@type":"EntryPoint","urlTemplate":"https:\/\/olahok.pl\/en\/?s={search_term_string}"},"query-input":{"@type":"PropertyValueSpecification","valueRequired":true,"valueName":"search_term_string"}}],"inLanguage":"en-US"}]}},"_links":{"self":[{"href":"https:\/\/olahok.pl\/en\/wp-json\/wp\/v2\/pages\/4145","targetHints":{"allow":["GET"]}}],"collection":[{"href":"https:\/\/olahok.pl\/en\/wp-json\/wp\/v2\/pages"}],"about":[{"href":"https:\/\/olahok.pl\/en\/wp-json\/wp\/v2\/types\/page"}],"author":[{"embeddable":true,"href":"https:\/\/olahok.pl\/en\/wp-json\/wp\/v2\/users\/1"}],"replies":[{"embeddable":true,"href":"https:\/\/olahok.pl\/en\/wp-json\/wp\/v2\/comments?post=4145"}],"version-history":[{"count":1,"href":"https:\/\/olahok.pl\/en\/wp-json\/wp\/v2\/pages\/4145\/revisions"}],"predecessor-version":[{"id":4147,"href":"https:\/\/olahok.pl\/en\/wp-json\/wp\/v2\/pages\/4145\/revisions\/4147"}],"wp:attachment":[{"href":"https:\/\/olahok.pl\/en\/wp-json\/wp\/v2\/media?parent=4145"}],"curies":[{"name":"wp","href":"https:\/\/api.w.org\/{rel}","templated":true}]}}